{"id":281,"date":"2024-04-23T18:50:08","date_gmt":"2024-04-23T18:50:08","guid":{"rendered":"https:\/\/multifamilyee.com\/pagina-de-inicio-de-avista-multifamily\/"},"modified":"2024-06-20T16:24:40","modified_gmt":"2024-06-20T16:24:40","slug":"pagina-de-inicio-de-avista-multifamily","status":"publish","type":"page","link":"http:\/\/multifamilyee.eiqengage.com\/es\/","title":{"rendered":"P\u00e1gina de inicio de Avista Multifamily"},"content":{"rendered":"<p>[et_pb_section fb_built=\u00bb1&#8243; _builder_version=\u00bb4.13.1&#8243; _module_preset=\u00bbdefault\u00bb background_image=\u00bbhttp:\/\/multifamilyee.com\/wp-content\/uploads\/sites\/29\/2024\/04\/Header.png\u00bb width=\u00bb100%\u00bb height=\u00bb682px\u00bb global_colors_info=\u00bb{}\u00bb][et_pb_row _builder_version=\u00bb4.13.1&#8243; _module_preset=\u00bbdefault\u00bb position_origin_a=\u00bbbottom_left\u00bb vertical_offset=\u00bb0px\u00bb width=\u00bb100%\u00bb max_width=\u00bb1920px\u00bb height=\u00bb100%\u00bb custom_padding=\u00bb|10%||10%|false|false\u00bb global_colors_info=\u00bb{}\u00bb][et_pb_column type=\u00bb4_4&#8243; _builder_version=\u00bb4.13.1&#8243; _module_preset=\u00bbdefault\u00bb custom_css_main_element=\u00bbheight: 100%\u00bb global_colors_info=\u00bb{}\u00bb][et_pb_text content_tablet=\u00bb<\/p>\n<p><span>\u00bfEst\u00e1s preparado para ahorrar energ\u00eda y dinero en tu propiedad y para tus residentes?<\/span><\/p>\n<p>\u00bb content_phone=\u00bb<\/p>\n<p><span>\u00bfEst\u00e1s preparado para ahorrar energ\u00eda y dinero en tu propiedad y para tus residentes?<\/span><\/p>\n<p>\u00bb content_last_edited=\u00bbon|phone\u00bb admin_label=\u00bbText\u00bb _builder_version=\u00bb4.13.1&#8243; _module_preset=\u00bbdefault\u00bb text_font=\u00bbArial||||||||\u00bb text_text_color=\u00bb#FFFFFF\u00bb text_font_size=\u00bb72px\u00bb text_line_height=\u00bb1em\u00bb positioning=\u00bbabsolute\u00bb position_origin_a=\u00bbbottom_left\u00bb width=\u00bb100%\u00bb custom_margin=\u00bb||||false|false\u00bb custom_padding=\u00bb||||false|false\u00bb text_font_size_tablet=\u00bb72px\u00bb text_font_size_phone=\u00bb40px\u00bb text_font_size_last_edited=\u00bbon|desktop\u00bb custom_css_main_element=\u00bbleft: 0!important;||bottom: 0!important;||text-shadow: 0px 0px 5px #000000C7;\u00bb global_colors_info=\u00bb{}\u00bb]<\/p>\n<p><span>\u00bfEst\u00e1s preparado para ahorrar energ\u00eda y dinero en tu propiedad y para tus residentes?<\/span><\/p>\n<p>[\/et_pb_text][\/et_pb_column][\/et_pb_row][\/et_pb_section][et_pb_section fb_built=\u00bb1&#8243; _builder_version=\u00bb4.13.1&#8243; _module_preset=\u00bbdefault\u00bb custom_padding=\u00bb0px||0px||false|false\u00bb global_colors_info=\u00bb{}\u00bb][et_pb_row custom_padding_last_edited=\u00bbon|desktop\u00bb _builder_version=\u00bb4.13.1&#8243; _module_preset=\u00bbdefault\u00bb max_width=\u00bb2052px\u00bb custom_padding=\u00bb||||false|false\u00bb custom_padding_tablet=\u00bb|0px||0px|false|false\u00bb custom_padding_phone=\u00bb|0px||0px|false|false\u00bb global_colors_info=\u00bb{}\u00bb][et_pb_column type=\u00bb4_4&#8243; _builder_version=\u00bb4.13.1&#8243; _module_preset=\u00bbdefault\u00bb global_colors_info=\u00bb{}\u00bb][et_pb_text _builder_version=\u00bb4.13.1&#8243; _module_preset=\u00bbdefault\u00bb text_font=\u00bbArial||||||||\u00bb text_text_color=\u00bb#003057&#8243; text_font_size=\u00bb30px\u00bb text_line_height=\u00bb40px\u00bb custom_padding=\u00bb||0.5rem||false|false\u00bb custom_padding_tablet=\u00bb||0.5rem||false|false\u00bb custom_padding_phone=\u00bb||1rem||false|false\u00bb custom_padding_last_edited=\u00bbon|phone\u00bb text_font_size_tablet=\u00bb30px\u00bb text_font_size_phone=\u00bb20px\u00bb text_font_size_last_edited=\u00bbon|phone\u00bb custom_css_main_element=\u00bbmargin-bottom: 0px!important;\u00bb global_colors_info=\u00bb{}\u00bb]<\/p>\n<p><span>El Programa Multifamiliar de Excelencia Energ\u00e9tica ofrece a las propiedades con servicio el\u00e9ctrico de Avista, que adem\u00e1s tengan cinco o m\u00e1s unidades, tres formas de participar:<\/span><\/p>\n<p>[\/et_pb_text][et_pb_text _builder_version=\u00bb4.13.1&#8243; _module_preset=\u00bbdefault\u00bb text_font=\u00bbArial||||||||\u00bb text_text_color=\u00bb#003057&#8243; text_font_size=\u00bb30px\u00bb text_line_height=\u00bb30px\u00bb text_font_size_tablet=\u00bb30px\u00bb text_font_size_phone=\u00bb20px\u00bb text_font_size_last_edited=\u00bbon|phone\u00bb text_line_height_tablet=\u00bb40px\u00bb text_line_height_phone=\u00bb30px\u00bb text_line_height_last_edited=\u00bbon|phone\u00bb global_colors_info=\u00bb{}\u00bb]<\/p>\n<ul>\n<li style=\"line-height: 40px\"><span>Instalaci\u00f3n directa de mejoras gratuitas de ahorro energ\u00e9tico en las unidades<\/span><\/li>\n<li style=\"line-height: 40px\"><span>Mejoras del edificio<\/span><\/li>\n<li style=\"line-height: 40px\"><span>Incentivos y formaci\u00f3n en operaciones y mantenimiento<\/span><\/li>\n<\/ul>\n<p>[\/et_pb_text][\/et_pb_column][\/et_pb_row][et_pb_row _builder_version=\u00bb4.13.1&#8243; _module_preset=\u00bbdefault\u00bb max_width=\u00bb2052px\u00bb custom_padding=\u00bb0px||||false|false\u00bb global_colors_info=\u00bb{}\u00bb][et_pb_column type=\u00bb4_4&#8243; _builder_version=\u00bb4.13.1&#8243; _module_preset=\u00bbdefault\u00bb global_colors_info=\u00bb{}\u00bb][et_pb_text _builder_version=\u00bb4.13.1&#8243; _module_preset=\u00bbdefault\u00bb text_font=\u00bbArial|700|||||||\u00bb text_text_color=\u00bb#0072ce\u00bb text_font_size=\u00bb50px\u00bb text_line_height=\u00bb50px\u00bb global_colors_info=\u00bb{}\u00bb]<\/p>\n<p>C\u00f3mo puedes beneficiarte<\/p>\n<p>[\/et_pb_text][\/et_pb_column][\/et_pb_row][\/et_pb_section][et_pb_section fb_built=\u00bb1&#8243; _builder_version=\u00bb4.13.1&#8243; _module_preset=\u00bbdefault\u00bb global_colors_info=\u00bb{}\u00bb][et_pb_row _builder_version=\u00bb4.13.1&#8243; _module_preset=\u00bbdefault\u00bb width=\u00bb90%\u00bb max_width=\u00bb2052px\u00bb global_colors_info=\u00bb{}\u00bb][et_pb_column type=\u00bb4_4&#8243; _builder_version=\u00bb4.13.1&#8243; _module_preset=\u00bbdefault\u00bb global_colors_info=\u00bb{}\u00bb][et_pb_code _builder_version=\u00bb4.13.1&#8243; _module_preset=\u00bbdefault\u00bb custom_css_main_element=\u00bbfont-family: arial;\u00bb global_colors_info=\u00bb{}\u00bb]<\/p>\n<div class=\"benefits-section\"><!-- [et_pb_line_break_holder] -->    <\/p>\n<div class=\"benefit-card\"><!-- [et_pb_line_break_holder] -->        <img decoding=\"async\" src=\"http:\/\/multifamilyee.com\/wp-content\/uploads\/sites\/29\/2024\/04\/SaveEnergyandMoney-icon_iStock-AVISTA.png\"><!-- [et_pb_line_break_holder] -->        <pee>Ahorra energ\u00eda y dinero<\/pee><!-- [et_pb_line_break_holder] -->    <\/div>\n<p><!-- [et_pb_line_break_holder] -->    <\/p>\n<div class=\"benefit-separator\"><\/div>\n<p><!-- [et_pb_line_break_holder] -->    <\/p>\n<div class=\"benefit-card\"><!-- [et_pb_line_break_holder] -->        <img decoding=\"async\" src=\"http:\/\/multifamilyee.com\/wp-content\/uploads\/sites\/29\/2024\/04\/ReduceCost-Avista.png\"><!-- [et_pb_line_break_holder] -->        <pee>Reducir los costes de funcionamiento y mantenimiento<\/pee><!-- [et_pb_line_break_holder] -->    <\/div>\n<p><!-- [et_pb_line_break_holder] -->    <\/p>\n<div class=\"benefit-separator\"><\/div>\n<p><!-- [et_pb_line_break_holder] -->    <\/p>\n<div class=\"benefit-card\"><!-- [et_pb_line_break_holder] -->        <img decoding=\"async\" src=\"http:\/\/multifamilyee.com\/wp-content\/uploads\/sites\/29\/2024\/04\/GoodQuality-Avista.png\"><!-- [et_pb_line_break_holder] -->        <pee>Aumentar la satisfacci\u00f3n de los residentes<\/pee><!-- [et_pb_line_break_holder] -->    <\/div>\n<p><!-- [et_pb_line_break_holder] -->    <\/p>\n<div class=\"benefit-separator\"><\/div>\n<p><!-- [et_pb_line_break_holder] -->    <\/p>\n<div class=\"benefit-card\"><!-- [et_pb_line_break_holder] -->        <img decoding=\"async\" src=\"http:\/\/multifamilyee.com\/wp-content\/uploads\/sites\/29\/2024\/04\/IncreasedSecure-Avista.png\"><!-- [et_pb_line_break_holder] -->        <pee>Mejorar la seguridad<\/pee><!-- [et_pb_line_break_holder] -->    <\/div>\n<p><!-- [et_pb_line_break_holder] -->    <\/p>\n<div class=\"benefit-separator\"><\/div>\n<p><!-- [et_pb_line_break_holder] -->    <\/p>\n<div class=\"benefit-card\"><!-- [et_pb_line_break_holder] -->        <img decoding=\"async\" src=\"http:\/\/multifamilyee.com\/wp-content\/uploads\/sites\/29\/2024\/04\/HomeEnergyCost-Avista.png\"><!-- [et_pb_line_break_holder] -->        <pee>A\u00f1ade valor a tu propiedad<\/pee><!-- [et_pb_line_break_holder] -->    <\/div>\n<p><!-- [et_pb_line_break_holder] --><\/div>\n<p>[\/et_pb_code][\/et_pb_column][\/et_pb_row][\/et_pb_section][et_pb_section fb_built=\u00bb1&#8243; _builder_version=\u00bb4.13.1&#8243; _module_preset=\u00bbdefault\u00bb custom_padding=\u00bb0px||0px||false|false\u00bb global_colors_info=\u00bb{}\u00bb][et_pb_row _builder_version=\u00bb4.13.1&#8243; _module_preset=\u00bbdefault\u00bb max_width=\u00bb2052px\u00bb global_colors_info=\u00bb{}\u00bb][et_pb_column type=\u00bb4_4&#8243; _builder_version=\u00bb4.13.1&#8243; _module_preset=\u00bbdefault\u00bb global_colors_info=\u00bb{}\u00bb][et_pb_text _builder_version=\u00bb4.13.1&#8243; _module_preset=\u00bbdefault\u00bb text_font=\u00bbArial|700|||||||\u00bb text_text_color=\u00bb#0C71C3&#8243; text_font_size=\u00bb50px\u00bb text_line_height=\u00bb50px\u00bb header_text_color=\u00bb#0C71C3&#8243; header_2_font=\u00bbArial|700|||||||\u00bb header_2_text_color=\u00bb#0C71C3&#8243; text_font_size_tablet=\u00bb50px\u00bb text_font_size_phone=\u00bb50px\u00bb text_font_size_last_edited=\u00bbon|phone\u00bb global_colors_info=\u00bb{}\u00bb]<\/p>\n<p>C\u00f3mo funciona el programa<\/p>\n<p>[\/et_pb_text][\/et_pb_column][\/et_pb_row][\/et_pb_section][et_pb_section fb_built=\u00bb1&#8243; _builder_version=\u00bb4.13.1&#8243; _module_preset=\u00bbdefault\u00bb global_colors_info=\u00bb{}\u00bb][et_pb_row column_structure=\u00bb1_2,1_2&#8243; _builder_version=\u00bb4.13.1&#8243; _module_preset=\u00bbdefault\u00bb max_width=\u00bb2052px\u00bb custom_css_main_element=\u00bbmargin-bottom: 0;\u00bb global_colors_info=\u00bb{}\u00bb][et_pb_column type=\u00bb1_2&#8243; _builder_version=\u00bb4.13.1&#8243; _module_preset=\u00bbdefault\u00bb global_colors_info=\u00bb{}\u00bb][et_pb_text _builder_version=\u00bb4.13.1&#8243; _module_preset=\u00bbdefault\u00bb text_font=\u00bbArial|700|||||||\u00bb text_text_color=\u00bb#43b02a\u00bb text_font_size=\u00bb40px\u00bb text_line_height=\u00bb40px\u00bb min_height=\u00bb30.8px\u00bb custom_css_main_element=\u00bbmargin-bottom: 0!important;\u00bb global_colors_info=\u00bb{}\u00bb]<\/p>\n<p>Paso 1.<\/p>\n<p>[\/et_pb_text][et_pb_text _builder_version=\u00bb4.13.1&#8243; _module_preset=\u00bbdefault\u00bb text_font=\u00bbArial||||||||\u00bb text_text_color=\u00bb#43b02a\u00bb text_font_size=\u00bb40px\u00bb text_line_height=\u00bb40px\u00bb text_font_size_tablet=\u00bb40px\u00bb text_font_size_phone=\u00bb30px\u00bb text_font_size_last_edited=\u00bbon|phone\u00bb custom_css_main_element=\u00bbmargin-bottom: 0px!important;\u00bb global_colors_info=\u00bb{}\u00bb]<\/p>\n<p>Recibe una evaluaci\u00f3n<\/p>\n<p>[\/et_pb_text][et_pb_text _builder_version=\u00bb4.13.1&#8243; _module_preset=\u00bbdefault\u00bb text_font=\u00bbArial||||||||\u00bb text_text_color=\u00bb#003057&#8243; text_font_size=\u00bb30px\u00bb text_line_height=\u00bb40px\u00bb text_font_size_tablet=\u00bb30px\u00bb text_font_size_phone=\u00bb20px\u00bb text_font_size_last_edited=\u00bbon|phone\u00bb text_line_height_tablet=\u00bb40px\u00bb text_line_height_phone=\u00bb30px\u00bb text_line_height_last_edited=\u00bbon|phone\u00bb global_colors_info=\u00bb{}\u00bb]<\/p>\n<p><span>Haz que un profesional identifique las oportunidades de ahorro energ\u00e9tico espec\u00edficas de tu propiedad. Recibir\u00e1s un plan de acci\u00f3n a largo plazo para realizar mejoras y podr\u00e1s optar inmediatamente a barredoras de puertas y bombillas LED gratuitas.<\/span><\/p>\n<p>[\/et_pb_text][et_pb_text _builder_version=\u00bb4.13.1&#8243; _module_preset=\u00bbdefault\u00bb text_font=\u00bbArial|700|||||||\u00bb text_text_color=\u00bb#43b02a\u00bb text_font_size=\u00bb40px\u00bb text_line_height=\u00bb40px\u00bb min_height=\u00bb30.8px\u00bb custom_css_main_element=\u00bbmargin-bottom: 0!important;\u00bb locked=\u00bboff\u00bb global_colors_info=\u00bb{}\u00bb]<\/p>\n<p>Paso 2.<\/p>\n<p>[\/et_pb_text][et_pb_text _builder_version=\u00bb4.13.1&#8243; _module_preset=\u00bbdefault\u00bb text_font=\u00bbArial||||||||\u00bb text_text_color=\u00bb#43b02a\u00bb text_font_size=\u00bb40px\u00bb text_line_height=\u00bb40px\u00bb text_font_size_tablet=\u00bb40px\u00bb text_font_size_phone=\u00bb30px\u00bb text_font_size_last_edited=\u00bbon|desktop\u00bb custom_css_main_element=\u00bbmargin-bottom: 0px!important;\u00bb locked=\u00bboff\u00bb global_colors_info=\u00bb{}\u00bb]<\/p>\n<p>Selecciona tus mejoras<\/p>\n<p>[\/et_pb_text][et_pb_text _builder_version=\u00bb4.13.1&#8243; _module_preset=\u00bbdefault\u00bb text_font=\u00bbArial||||||||\u00bb text_text_color=\u00bb#003057&#8243; text_font_size=\u00bb30px\u00bb text_line_height=\u00bb40px\u00bb text_font_size_tablet=\u00bb30px\u00bb text_font_size_phone=\u00bb20px\u00bb text_font_size_last_edited=\u00bbon|desktop\u00bb text_line_height_tablet=\u00bb40px\u00bb text_line_height_phone=\u00bb30px\u00bb text_line_height_last_edited=\u00bbon|phone\u00bb locked=\u00bboff\u00bb global_colors_info=\u00bb{}\u00bb]<\/p>\n<p><span>Elige las mejoras de equipamiento, aislamiento e iluminaci\u00f3n que tengan sentido para ti. Revisa las recomendaciones y los descuentos disponibles, y adapta tu reforma con mejoras que se ajusten a las necesidades de tu propiedad.<\/span><\/p>\n<p>[\/et_pb_text][et_pb_text _builder_version=\u00bb4.13.1&#8243; _module_preset=\u00bbdefault\u00bb text_font=\u00bbArial|700|||||||\u00bb text_text_color=\u00bb#43b02a\u00bb text_font_size=\u00bb40px\u00bb text_line_height=\u00bb40px\u00bb min_height=\u00bb30.8px\u00bb custom_css_main_element=\u00bbmargin-bottom: 0!important;\u00bb locked=\u00bboff\u00bb global_colors_info=\u00bb{}\u00bb]<\/p>\n<p>Paso 3.<\/p>\n<p>[\/et_pb_text][et_pb_text _builder_version=\u00bb4.13.1&#8243; _module_preset=\u00bbdefault\u00bb text_font=\u00bbArial||||||||\u00bb text_text_color=\u00bb#43b02a\u00bb text_font_size=\u00bb40px\u00bb text_line_height=\u00bb40px\u00bb text_font_size_tablet=\u00bb40px\u00bb text_font_size_phone=\u00bb30px\u00bb text_font_size_last_edited=\u00bbon|phone\u00bb custom_css_main_element=\u00bbmargin-bottom: 0px!important;\u00bb locked=\u00bboff\u00bb global_colors_info=\u00bb{}\u00bb]<\/p>\n<p>Informar a los residentes<\/p>\n<p>[\/et_pb_text][et_pb_text _builder_version=\u00bb4.13.1&#8243; _module_preset=\u00bbdefault\u00bb text_font=\u00bbArial||||||||\u00bb text_text_color=\u00bb#003057&#8243; text_font_size=\u00bb30px\u00bb text_line_height=\u00bb40px\u00bb custom_margin=\u00bb||||false|false\u00bb custom_padding=\u00bb||1rem||false|false\u00bb text_font_size_tablet=\u00bb30px\u00bb text_font_size_phone=\u00bb20px\u00bb text_font_size_last_edited=\u00bbon|phone\u00bb text_line_height_tablet=\u00bb40px\u00bb text_line_height_phone=\u00bb30px\u00bb text_line_height_last_edited=\u00bbon|desktop\u00bb custom_css_main_element=\u00bbmargin-bottom: 0px!important;\u00bb locked=\u00bboff\u00bb global_colors_info=\u00bb{}\u00bb]<\/p>\n<p><span>Como parte del programa, te ayudaremos a comunicarte con tus residentes durante el proceso para:<\/span><\/p>\n<p>[\/et_pb_text][et_pb_text _builder_version=\u00bb4.13.1&#8243; _module_preset=\u00bbdefault\u00bb text_font=\u00bbArial||||||||\u00bb text_text_color=\u00bb#003057&#8243; text_font_size=\u00bb30px\u00bb text_line_height=\u00bb40px\u00bb text_font_size_tablet=\u00bb30px\u00bb text_font_size_phone=\u00bb20px\u00bb text_font_size_last_edited=\u00bbon|phone\u00bb global_colors_info=\u00bb{}\u00bb]<\/p>\n<ul>\n<li style=\"padding-bottom: 1rem;line-height: 1.3em\"><span>Educar a los residentes sobre c\u00f3mo las mejoras de la eficiencia energ\u00e9tica aumentan el confort y ahorran dinero<\/span><\/li>\n<li style=\"line-height: 1.3em\"><span><\/span><span>Notificar a los residentes las pr\u00f3ximas obras en el edificio<\/span><\/li>\n<\/ul>\n<p>[\/et_pb_text][et_pb_text _builder_version=\u00bb4.13.1&#8243; _module_preset=\u00bbdefault\u00bb text_font=\u00bbArial|700|||||||\u00bb text_text_color=\u00bb#43b02a\u00bb text_font_size=\u00bb40px\u00bb text_line_height=\u00bb40px\u00bb min_height=\u00bb30.8px\u00bb custom_css_main_element=\u00bbmargin-bottom: 0!important;\u00bb locked=\u00bboff\u00bb global_colors_info=\u00bb{}\u00bb]<\/p>\n<p>Paso 4.<\/p>\n<p>[\/et_pb_text][et_pb_text _builder_version=\u00bb4.13.1&#8243; _module_preset=\u00bbdefault\u00bb text_font=\u00bbArial||||||||\u00bb text_text_color=\u00bb#43b02a\u00bb text_font_size=\u00bb40px\u00bb text_line_height=\u00bb40px\u00bb custom_margin=\u00bb||1rem||false|false\u00bb text_font_size_tablet=\u00bb40px\u00bb text_font_size_phone=\u00bb30px\u00bb text_font_size_last_edited=\u00bbon|phone\u00bb text_line_height_tablet=\u00bb50px\u00bb text_line_height_phone=\u00bb30px\u00bb text_line_height_last_edited=\u00bbon|phone\u00bb custom_css_main_element=\u00bbmargin-bottom: 0px!important;\u00bb locked=\u00bboff\u00bb global_colors_info=\u00bb{}\u00bb]<\/p>\n<p>Maximiza tus oportunidades y ahorra<\/p>\n<p>[\/et_pb_text][et_pb_text _builder_version=\u00bb4.13.1&#8243; _module_preset=\u00bbdefault\u00bb text_font=\u00bbArial||||||||\u00bb text_text_color=\u00bb#003057&#8243; text_font_size=\u00bb30px\u00bb text_line_height=\u00bb40px\u00bb text_font_size_tablet=\u00bb30px\u00bb text_font_size_phone=\u00bb20px\u00bb text_font_size_last_edited=\u00bbon|phone\u00bb text_line_height_tablet=\u00bb40px\u00bb text_line_height_phone=\u00bb40px\u00bb text_line_height_last_edited=\u00bbon|phone\u00bb global_colors_info=\u00bb{}\u00bb]<\/p>\n<ul>\n<li style=\"padding-bottom: 1rem;line-height: 1.3em\"><span>Trabaja con contratistas de confianza para completar tu proyecto<\/span><\/li>\n<li style=\"padding-bottom: 1rem;line-height: 1.3em\"><span><\/span><span>Gana recompensas participando en la formaci\u00f3n del personal y de los residentes<\/span><\/li>\n<li style=\"line-height: 1.3em\"><span><\/span><span>Aprovecha el ahorro<\/span><\/li>\n<\/ul>\n<p>[\/et_pb_text][\/et_pb_column][et_pb_column type=\u00bb1_2&#8243; _builder_version=\u00bb4.13.1&#8243; _module_preset=\u00bbdefault\u00bb global_colors_info=\u00bb{}\u00bb][et_pb_code _builder_version=\u00bb4.13.1&#8243; _module_preset=\u00bbdefault\u00bb background_image=\u00bbhttp:\/\/multifamilyee.com\/wp-content\/uploads\/sites\/29\/2024\/04\/91e076eb-eb09-454d-8679-23218d45aa44-1.jpeg\u00bb background_position=\u00bbcenter_right\u00bb custom_padding=\u00bb||108%||false|false\u00bb global_colors_info=\u00bb{}\u00bb]<\/p>\n<div><!-- [et_pb_line_break_holder] --><\/div>\n<p>[\/et_pb_code][et_pb_text _builder_version=\u00bb4.13.1&#8243; _module_preset=\u00bbdefault\u00bb text_font=\u00bbArial|700|||||||\u00bb text_text_color=\u00bb#0072ce\u00bb text_font_size=\u00bb50px\u00bb text_line_height=\u00bb50px\u00bb text_font_size_tablet=\u00bb50px\u00bb text_font_size_phone=\u00bb30px\u00bb text_font_size_last_edited=\u00bbon|phone\u00bb global_colors_info=\u00bb{}\u00bb]<\/p>\n<p>\u00a1Empieza hoy mismo!<\/p>\n<p>[\/et_pb_text][et_pb_text _builder_version=\u00bb4.13.1&#8243; _module_preset=\u00bbdefault\u00bb text_font=\u00bbArial||||||||\u00bb text_text_color=\u00bb#003057&#8243; text_font_size=\u00bb30px\u00bb text_line_height=\u00bb30px\u00bb text_font_size_tablet=\u00bb30px\u00bb text_font_size_phone=\u00bb20px\u00bb text_font_size_last_edited=\u00bbon|phone\u00bb global_colors_info=\u00bb{}\u00bb]<\/p>\n<p><span>Ll\u00e1manos al 509-290-0534 o haz clic en el bot\u00f3n de abajo para empezar.<\/span><\/p>\n<p>[\/et_pb_text][et_pb_code _builder_version=\u00bb4.13.1&#8243; _module_preset=\u00bbdefault\u00bb background_color=\u00bb#0072ce\u00bb text_orientation=\u00bbcenter\u00bb width=\u00bb100%\u00bb width_tablet=\u00bb100%\u00bb width_phone=\u00bb100%\u00bb width_last_edited=\u00bbon|phone\u00bb hover_enabled=\u00bb0&#8243; custom_css_main_element=\u00bbcolor: #fff;||font-size: 30px;||display: inline-block;||padding: 20px 0;||border: 1px solid #707070;||cursor: pointer;\u00bb global_colors_info=\u00bb{}\u00bb custom_css_main_element_last_edited=\u00bboff|phone\u00bb link_option_url=\u00bbhttps:\/\/formstack.io\/BB7DB\u00bb sticky_enabled=\u00bb0&#8243;]<\/p>\n<div class=\"pop-up-btn\"><!-- [et_pb_line_break_holder] -->  Empieza<!-- [et_pb_line_break_holder] --><\/div>\n<p>[\/et_pb_code][\/et_pb_column][\/et_pb_row][\/et_pb_section]<\/p>\n","protected":false},"excerpt":{"rendered":"<p>\u00bfEst\u00e1s preparado para ahorrar energ\u00eda y dinero en tu propiedad y para tus residentes?El Programa Multifamiliar de Excelencia Energ\u00e9tica ofrece a las propiedades con servicio el\u00e9ctrico de Avista, que adem\u00e1s tengan cinco o m\u00e1s unidades, tres formas de participar: Instalaci\u00f3n directa de mejoras gratuitas de ahorro energ\u00e9tico en las unidades Mejoras del edificio Incentivos y [&hellip;]<\/p>\n","protected":false},"author":204,"featured_media":0,"parent":0,"menu_order":0,"comment_status":"closed","ping_status":"closed","template":"","meta":{"_acf_changed":false,"_et_pb_use_builder":"on","_et_pb_old_content":"","_et_gb_content_width":"","_monsterinsights_skip_tracking":false,"_monsterinsights_sitenote_active":false,"_monsterinsights_sitenote_note":"","_monsterinsights_sitenote_category":0,"footnotes":""},"class_list":["post-281","page","type-page","status-publish","hentry"],"acf":[],"_links":{"self":[{"href":"http:\/\/multifamilyee.eiqengage.com\/es\/wp-json\/wp\/v2\/pages\/281","targetHints":{"allow":["GET"]}}],"collection":[{"href":"http:\/\/multifamilyee.eiqengage.com\/es\/wp-json\/wp\/v2\/pages"}],"about":[{"href":"http:\/\/multifamilyee.eiqengage.com\/es\/wp-json\/wp\/v2\/types\/page"}],"author":[{"embeddable":true,"href":"http:\/\/multifamilyee.eiqengage.com\/es\/wp-json\/wp\/v2\/users\/204"}],"replies":[{"embeddable":true,"href":"http:\/\/multifamilyee.eiqengage.com\/es\/wp-json\/wp\/v2\/comments?post=281"}],"version-history":[{"count":3,"href":"http:\/\/multifamilyee.eiqengage.com\/es\/wp-json\/wp\/v2\/pages\/281\/revisions"}],"predecessor-version":[{"id":284,"href":"http:\/\/multifamilyee.eiqengage.com\/es\/wp-json\/wp\/v2\/pages\/281\/revisions\/284"}],"wp:attachment":[{"href":"http:\/\/multifamilyee.eiqengage.com\/es\/wp-json\/wp\/v2\/media?parent=281"}],"curies":[{"name":"wp","href":"https:\/\/api.w.org\/{rel}","templated":true}]}}